{"id":733,"date":"2020-02-01T18:59:40","date_gmt":"2020-02-01T18:59:40","guid":{"rendered":"https:\/\/litiscorp.com\/?page_id=733"},"modified":"2021-01-05T11:47:51","modified_gmt":"2021-01-05T17:47:51","slug":"about-us","status":"publish","type":"page","link":"https:\/\/litiscorp.com\/?page_id=733","title":{"rendered":"Nosotros"},"content":{"rendered":"\t\t<div data-elementor-type=\"wp-page\" data-elementor-id=\"733\" class=\"elementor elementor-733\">\n\t\t\t\t\t\t<section class=\"elementor-section elementor-top-section elementor-element elementor-element-6ff2ff7 elementor-section-boxed elementor-section-height-default elementor-section-height-default\" data-id=\"6ff2ff7\" data-element_type=\"section\" data-e-type=\"section\" data-settings=\"{&quot;background_background&quot;:&quot;classic&quot;}\">\n\t\t\t\t\t\t\t<div class=\"elementor-background-overlay\"><\/div>\n\t\t\t\t\t\t\t<div class=\"elementor-container elementor-column-gap-no\">\n\t\t\t\t\t<div class=\"elementor-column elementor-col-100 elementor-top-column elementor-element elementor-element-d4acc06\" data-id=\"d4acc06\" data-element_type=\"column\" data-e-type=\"column\">\n\t\t\t<div class=\"elementor-widget-wrap elementor-element-populated\">\n\t\t\t\t\t\t<div class=\"elementor-element elementor-element-bee4950 elementor-widget elementor-widget-heading\" data-id=\"bee4950\" data-element_type=\"widget\" data-e-type=\"widget\" data-widget_type=\"heading.default\">\n\t\t\t\t<div class=\"elementor-widget-container\">\n\t\t\t\t\t<h1 class=\"elementor-heading-title elementor-size-default\">LITISCORP <br>El Salvador<\/h1>\t\t\t\t<\/div>\n\t\t\t\t<\/div>\n\t\t\t\t<div class=\"elementor-element elementor-element-db7027d elementor-widget elementor-widget-text-editor\" data-id=\"db7027d\" data-element_type=\"widget\" data-e-type=\"widget\" data-widget_type=\"text-editor.default\">\n\t\t\t\t<div class=\"elementor-widget-container\">\n\t\t\t\t\t\t\t\t\t<p><span class=\"NormalTextRun SCXW124165811 BCX8\">Es una firma de Abogados y Notarios, con <\/span><span class=\"NormalTextRun ContextualSpellingAndGrammarErrorV2 SCXW124165811 BCX8\">mas<\/span><span class=\"NormalTextRun SCXW124165811 BCX8\">\u00a0de cinco a\u00f1os de experiencia en el\u00a0<\/span><span class=\"NormalTextRun SpellingErrorV2 SCXW124165811 BCX8\">area<\/span><span class=\"NormalTextRun SCXW124165811 BCX8\">\u00a0<\/span><span class=\"NormalTextRun SpellingErrorV2 SCXW124165811 BCX8\">juridica.<\/span><\/p>\t\t\t\t\t\t\t\t<\/div>\n\t\t\t\t<\/div>\n\t\t\t\t\t<\/div>\n\t\t<\/div>\n\t\t\t\t\t<\/div>\n\t\t<\/section>\n\t\t\t\t<section class=\"elementor-section elementor-top-section elementor-element elementor-element-dbdf9ac elementor-section-content-middle elementor-section-boxed elementor-section-height-default elementor-section-height-default\" data-id=\"dbdf9ac\" data-element_type=\"section\" data-e-type=\"section\">\n\t\t\t\t\t\t<div class=\"elementor-container elementor-column-gap-no\">\n\t\t\t\t\t<div class=\"elementor-column elementor-col-33 elementor-top-column elementor-element elementor-element-885cb99\" data-id=\"885cb99\" data-element_type=\"column\" data-e-type=\"column\">\n\t\t\t<div class=\"elementor-widget-wrap elementor-element-populated\">\n\t\t\t\t\t\t<div class=\"elementor-element elementor-element-50ddc50 elementor-widget elementor-widget-heading\" data-id=\"50ddc50\" data-element_type=\"widget\" data-e-type=\"widget\" data-widget_type=\"heading.default\">\n\t\t\t\t<div class=\"elementor-widget-container\">\n\t\t\t\t\t<h2 class=\"elementor-heading-title elementor-size-default\"> Descripci\u00f3n de la Firma<\/h2>\t\t\t\t<\/div>\n\t\t\t\t<\/div>\n\t\t\t\t\t<\/div>\n\t\t<\/div>\n\t\t\t\t<div class=\"elementor-column elementor-col-66 elementor-top-column elementor-element elementor-element-105f188\" data-id=\"105f188\" data-element_type=\"column\" data-e-type=\"column\">\n\t\t\t<div class=\"elementor-widget-wrap elementor-element-populated\">\n\t\t\t\t\t\t<div class=\"elementor-element elementor-element-4918b41 elementor-widget elementor-widget-text-editor\" data-id=\"4918b41\" data-element_type=\"widget\" data-e-type=\"widget\" data-widget_type=\"text-editor.default\">\n\t\t\t\t<div class=\"elementor-widget-container\">\n\t\t\t\t\t\t\t\t\t<p><span data-contrast=\"auto\">LITISCORP El Salvador, es una firma de Abogados y Notarios, con mas de cinco a\u00f1os de experiencia en el \u00e1rea jur\u00eddica,\u00a0 ayudando y colaborando\u00a0 con los proyectos que se emprenden por parte de nuestros clientes tengan la garant\u00eda de contar con el respaldo y solidez\u00a0 necesarias a la hora de entablar relaciones jur\u00eddico-comerciales, con otros actores de la sociedad, buscando efectividad, y\u00a0<\/span><\/p><p><span data-contrast=\"auto\">un resultado positivo ante cualquier situaci\u00f3n que se suscite con nuestros representados. <\/span><span data-ccp-props=\"{&quot;134233279&quot;:true,&quot;335551550&quot;:6,&quot;335551620&quot;:6}\">\u00a0<\/span><\/p><p><span data-contrast=\"auto\">El equipo conformado en LITISCORP, es un equipo joven con la experiencia requerida ante las situaciones que se presentan, lo que garantiza la constante actualizaci\u00f3n y capacitaci\u00f3n de las \u00e1reas que se van desarrollando o ampliando en lo que respecta al tema jur\u00eddico, adem\u00e1s de poseer excelentes relaciones interpersonales con los diversos ministerios e instituciones aut\u00f3nomas, lo cual garantiza mejores resultados ante cualquier gesti\u00f3n a realizar.<\/span><span data-ccp-props=\"{&quot;134233279&quot;:true,&quot;335551550&quot;:6,&quot;335551620&quot;:6}\">\u00a0<\/span><\/p>\t\t\t\t\t\t\t\t<\/div>\n\t\t\t\t<\/div>\n\t\t\t\t\t<\/div>\n\t\t<\/div>\n\t\t\t\t\t<\/div>\n\t\t<\/section>\n\t\t\t\t<section class=\"elementor-section elementor-top-section elementor-element elementor-element-f873186 elementor-section-content-middle elementor-section-boxed elementor-section-height-default elementor-section-height-default\" data-id=\"f873186\" data-element_type=\"section\" data-e-type=\"section\" data-settings=\"{&quot;background_background&quot;:&quot;gradient&quot;}\">\n\t\t\t\t\t\t<div class=\"elementor-container elementor-column-gap-no\">\n\t\t\t\t\t<div class=\"elementor-column elementor-col-66 elementor-top-column elementor-element elementor-element-2b10226\" data-id=\"2b10226\" data-element_type=\"column\" data-e-type=\"column\">\n\t\t\t<div class=\"elementor-widget-wrap elementor-element-populated\">\n\t\t\t\t\t\t<div class=\"elementor-element elementor-element-fc6092a elementor-widget elementor-widget-image\" data-id=\"fc6092a\" data-element_type=\"widget\" data-e-type=\"widget\" data-widget_type=\"image.default\">\n\t\t\t\t<div class=\"elementor-widget-container\">\n\t\t\t\t\t\t\t\t\t\t\t\t\t\t\t<img fetchpriority=\"high\" decoding=\"async\" width=\"1920\" height=\"1280\" src=\"https:\/\/litiscorp.com\/wp-content\/uploads\/2020\/12\/imm.jpg\" class=\"attachment-full size-full wp-image-806\" alt=\"\" srcset=\"https:\/\/litiscorp.com\/wp-content\/uploads\/2020\/12\/imm.jpg 1920w, https:\/\/litiscorp.com\/wp-content\/uploads\/2020\/12\/imm-300x200.jpg 300w, https:\/\/litiscorp.com\/wp-content\/uploads\/2020\/12\/imm-1024x683.jpg 1024w, https:\/\/litiscorp.com\/wp-content\/uploads\/2020\/12\/imm-768x512.jpg 768w, https:\/\/litiscorp.com\/wp-content\/uploads\/2020\/12\/imm-1536x1024.jpg 1536w\" sizes=\"(max-width: 1920px) 100vw, 1920px\" \/>\t\t\t\t\t\t\t\t\t\t\t\t\t\t\t<\/div>\n\t\t\t\t<\/div>\n\t\t\t\t\t<\/div>\n\t\t<\/div>\n\t\t\t\t<div class=\"elementor-column elementor-col-33 elementor-top-column elementor-element elementor-element-1e8e919\" data-id=\"1e8e919\" data-element_type=\"column\" data-e-type=\"column\">\n\t\t\t<div class=\"elementor-widget-wrap elementor-element-populated\">\n\t\t\t\t\t\t<div class=\"elementor-element elementor-element-755d715 elementor-widget elementor-widget-heading\" data-id=\"755d715\" data-element_type=\"widget\" data-e-type=\"widget\" data-widget_type=\"heading.default\">\n\t\t\t\t<div class=\"elementor-widget-container\">\n\t\t\t\t\t<h3 class=\"elementor-heading-title elementor-size-default\">Nuestra Firma<\/h3>\t\t\t\t<\/div>\n\t\t\t\t<\/div>\n\t\t\t\t<div class=\"elementor-element elementor-element-da54622 elementor-widget-divider--separator-type-pattern elementor-widget-divider--view-line elementor-widget elementor-widget-divider\" data-id=\"da54622\" data-element_type=\"widget\" data-e-type=\"widget\" data-widget_type=\"divider.default\">\n\t\t\t\t<div class=\"elementor-widget-container\">\n\t\t\t\t\t\t\t<div class=\"elementor-divider\" style=\"--divider-pattern-url: url(&quot;data:image\/svg+xml,%3Csvg xmlns=&#039;http:\/\/www.w3.org\/2000\/svg&#039; preserveAspectRatio=&#039;none&#039; overflow=&#039;visible&#039; height=&#039;100%&#039; viewBox=&#039;0 0 24 24&#039; fill=&#039;black&#039; stroke=&#039;none&#039;%3E%3Cpolygon points=&#039;9.4,2 24,2 14.6,21.6 0,21.6&#039;\/%3E%3C\/svg%3E&quot;);\">\n\t\t\t<span class=\"elementor-divider-separator\">\n\t\t\t\t\t\t<\/span>\n\t\t<\/div>\n\t\t\t\t\t\t<\/div>\n\t\t\t\t<\/div>\n\t\t\t\t<div class=\"elementor-element elementor-element-cf39eb3 elementor-widget elementor-widget-text-editor\" data-id=\"cf39eb3\" data-element_type=\"widget\" data-e-type=\"widget\" data-widget_type=\"text-editor.default\">\n\t\t\t\t<div class=\"elementor-widget-container\">\n\t\t\t\t\t\t\t\t\t<p><span class=\"TextRun SCXW259313511 BCX8\" lang=\"ES-SV\" xml:lang=\"ES-SV\" data-contrast=\"auto\"><span class=\"NormalTextRun SCXW259313511 BCX8\">Nuestra firma es respetuosa y <\/span><span class=\"NormalTextRun SpellingErrorV2 SCXW259313511 BCX8\">mantiene<\/span><span class=\"NormalTextRun SCXW259313511 BCX8\"> una constante a<\/span><span class=\"NormalTextRun SpellingErrorV2 SCXW259313511 BCX8\">rmon\u00eda<\/span><span class=\"NormalTextRun SCXW259313511 BCX8\">\u00a0con la Responsabilidad Social Empresarial, tal es el caso que como parte de nuestros valores y principios ofrecemos nuestro servicio de\u00a0<\/span><span class=\"NormalTextRun SpellingErrorV2 SCXW259313511 BCX8\">asesor\u00eda<\/span><span class=\"NormalTextRun SCXW259313511 BCX8\">\u00a0<\/span><span class=\"NormalTextRun SpellingErrorV2 SCXW259313511 BCX8\">jur\u00eddica<\/span><span class=\"NormalTextRun SCXW259313511 BCX8\">\u00a0gratuita a personas de niveles\u00a0<\/span><span class=\"NormalTextRun SpellingErrorV2 SCXW259313511 BCX8\">econ\u00f3micos<\/span><span class=\"NormalTextRun SCXW259313511 BCX8\">\u00a0bajos que\u00a0<\/span><span class=\"NormalTextRun SpellingErrorV2 SCXW259313511 BCX8\">dif\u00edcilmente<\/span><span class=\"NormalTextRun SCXW259313511 BCX8\"> pueden acudir a el \u00e1<\/span><span class=\"NormalTextRun SpellingErrorV2 SCXW259313511 BCX8\">rea<\/span><span class=\"NormalTextRun SCXW259313511 BCX8\"> publica o \u00e1<\/span><span class=\"NormalTextRun SpellingErrorV2 SCXW259313511 BCX8\">rea<\/span><span class=\"NormalTextRun SCXW259313511 BCX8\">\u00a0privada para tener una\u00a0<\/span><span class=\"NormalTextRun SpellingErrorV2 SCXW259313511 BCX8\">orientaci\u00f3n<\/span><span class=\"NormalTextRun SCXW259313511 BCX8\">\u00a0real de sus inquietudes;\u00a0<\/span><span class=\"NormalTextRun SpellingErrorV2 SCXW259313511 BCX8\">as\u00ed<\/span><span class=\"NormalTextRun SCXW259313511 BCX8\">\u00a0como\u00a0<\/span><\/span><span class=\"TextRun SCXW259313511 BCX8\" lang=\"ES-SV\" xml:lang=\"ES-SV\" data-contrast=\"auto\"><span class=\"NormalTextRun SpellingErrorV2 SCXW259313511 BCX8\">tambi\u00e9n<\/span><span class=\"NormalTextRun SCXW259313511 BCX8\">\u00a0<\/span><span class=\"NormalTextRun SpellingErrorV2 SCXW259313511 BCX8\">trabajamos<\/span><span class=\"NormalTextRun SCXW259313511 BCX8\">\u00a0de la mano con la empresa privada quienes son nuestras fuentes de financiamiento para\u00a0<\/span><span class=\"NormalTextRun SpellingErrorV2 SCXW259313511 BCX8\">desarrollar<\/span><span class=\"NormalTextRun SCXW259313511 BCX8\">\u00a0los planes y estrategias a emprender frente a la comunidad.<\/span><\/span><span class=\"EOP SCXW259313511 BCX8\" data-ccp-props=\"{\">\u00a0<\/span><\/p>\t\t\t\t\t\t\t\t<\/div>\n\t\t\t\t<\/div>\n\t\t\t\t<div class=\"elementor-element elementor-element-20ec46d elementor-widget elementor-widget-heading\" data-id=\"20ec46d\" data-element_type=\"widget\" data-e-type=\"widget\" data-widget_type=\"heading.default\">\n\t\t\t\t<div class=\"elementor-widget-container\">\n\t\t\t\t\t<h6 class=\"elementor-heading-title elementor-size-default\">Litiscorp<\/h6>\t\t\t\t<\/div>\n\t\t\t\t<\/div>\n\t\t\t\t<div class=\"elementor-element elementor-element-826bbda elementor-absolute elementor-widget elementor-widget-image\" data-id=\"826bbda\" data-element_type=\"widget\" data-e-type=\"widget\" data-settings=\"{&quot;_position&quot;:&quot;absolute&quot;}\" data-widget_type=\"image.default\">\n\t\t\t\t<div class=\"elementor-widget-container\">\n\t\t\t\t\t\t\t\t\t\t\t\t\t\t\t<img decoding=\"async\" width=\"200\" height=\"489\" src=\"https:\/\/litiscorp.com\/wp-content\/uploads\/2020\/10\/pattern-v.png\" class=\"attachment-large size-large wp-image-568\" alt=\"\" srcset=\"https:\/\/litiscorp.com\/wp-content\/uploads\/2020\/10\/pattern-v.png 200w, https:\/\/litiscorp.com\/wp-content\/uploads\/2020\/10\/pattern-v-123x300.png 123w\" sizes=\"(max-width: 200px) 100vw, 200px\" \/>\t\t\t\t\t\t\t\t\t\t\t\t\t\t\t<\/div>\n\t\t\t\t<\/div>\n\t\t\t\t\t<\/div>\n\t\t<\/div>\n\t\t\t\t\t<\/div>\n\t\t<\/section>\n\t\t\t\t<section class=\"elementor-section elementor-top-section elementor-element elementor-element-a53f6fb elementor-section-boxed elementor-section-height-default elementor-section-height-default\" data-id=\"a53f6fb\" data-element_type=\"section\" data-e-type=\"section\" data-settings=\"{&quot;background_background&quot;:&quot;classic&quot;}\">\n\t\t\t\t\t\t\t<div class=\"elementor-background-overlay\"><\/div>\n\t\t\t\t\t\t\t<div class=\"elementor-container elementor-column-gap-no\">\n\t\t\t\t\t<div class=\"elementor-column elementor-col-100 elementor-top-column elementor-element elementor-element-0199beb\" data-id=\"0199beb\" data-element_type=\"column\" data-e-type=\"column\">\n\t\t\t<div class=\"elementor-widget-wrap elementor-element-populated\">\n\t\t\t\t\t\t<div class=\"elementor-element elementor-element-a51db1e elementor-widget elementor-widget-heading\" data-id=\"a51db1e\" data-element_type=\"widget\" data-e-type=\"widget\" data-widget_type=\"heading.default\">\n\t\t\t\t<div class=\"elementor-widget-container\">\n\t\t\t\t\t<h2 class=\"elementor-heading-title elementor-size-default\">Confia en Nosotros<\/h2>\t\t\t\t<\/div>\n\t\t\t\t<\/div>\n\t\t\t\t\t<\/div>\n\t\t<\/div>\n\t\t\t\t\t<\/div>\n\t\t<\/section>\n\t\t\t\t<\/div>\n\t\t","protected":false},"excerpt":{"rendered":"<p>LITISCORP El Salvador Es una firma de Abogados y Notarios, con mas\u00a0de cinco a\u00f1os de experiencia en el\u00a0area\u00a0juridica. Descripci\u00f3n de la Firma LITISCORP El Salvador, es una firma de Abogados y Notarios, con mas de cinco a\u00f1os de experiencia en el \u00e1rea jur\u00eddica,\u00a0 ayudando y colaborando\u00a0 con los proyectos que se emprenden por parte de [&hellip;]<\/p>\n","protected":false},"author":1,"featured_media":0,"parent":0,"menu_order":0,"comment_status":"closed","ping_status":"closed","template":"","meta":{"site-sidebar-layout":"no-sidebar","site-content-layout":"page-builder","ast-site-content-layout":"default","site-content-style":"default","site-sidebar-style":"default","ast-global-header-display":"","ast-banner-title-visibility":"","ast-main-header-display":"","ast-hfb-above-header-display":"","ast-hfb-below-header-display":"","ast-hfb-mobile-header-display":"","site-post-title":"disabled","ast-breadcrumbs-content":"disabled","ast-featured-img":"disabled","footer-sml-layout":"","ast-disable-related-posts":"","theme-transparent-header-meta":"enabled","adv-header-id-meta":"","stick-header-meta":"","header-above-stick-meta":"","header-main-stick-meta":"","header-below-stick-meta":"","astra-migrate-meta-layouts":"default","ast-page-background-enabled":"default","ast-page-background-meta":{"desktop":{"background-color":"","background-image":"","background-repeat":"repeat","background-position":"center center","background-size":"auto","background-attachment":"scroll","background-type":"","background-media":"","overlay-type":"","overlay-color":"","overlay-opacity":"","overlay-gradient":""},"tablet":{"background-color":"","background-image":"","background-repeat":"repeat","background-position":"center center","background-size":"auto","background-attachment":"scroll","background-type":"","background-media":"","overlay-type":"","overlay-color":"","overlay-opacity":"","overlay-gradient":""},"mobile":{"background-color":"","background-image":"","background-repeat":"repeat","background-position":"center center","background-size":"auto","background-attachment":"scroll","background-type":"","background-media":"","overlay-type":"","overlay-color":"","overlay-opacity":"","overlay-gradient":""}},"ast-content-background-meta":{"desktop":{"background-color":"var(--ast-global-color-5)","background-image":"","background-repeat":"repeat","background-position":"center center","background-size":"auto","background-attachment":"scroll","background-type":"","background-media":"","overlay-type":"","overlay-color":"","overlay-opacity":"","overlay-gradient":""},"tablet":{"background-color":"var(--ast-global-color-5)","background-image":"","background-repeat":"repeat","background-position":"center center","background-size":"auto","background-attachment":"scroll","background-type":"","background-media":"","overlay-type":"","overlay-color":"","overlay-opacity":"","overlay-gradient":""},"mobile":{"background-color":"var(--ast-global-color-5)","background-image":"","background-repeat":"repeat","background-position":"center center","background-size":"auto","background-attachment":"scroll","background-type":"","background-media":"","overlay-type":"","overlay-color":"","overlay-opacity":"","overlay-gradient":""}},"footnotes":""},"class_list":["post-733","page","type-page","status-publish","hentry"],"_links":{"self":[{"href":"https:\/\/litiscorp.com\/index.php?rest_route=\/wp\/v2\/pages\/733","targetHints":{"allow":["GET"]}}],"collection":[{"href":"https:\/\/litiscorp.com\/index.php?rest_route=\/wp\/v2\/pages"}],"about":[{"href":"https:\/\/litiscorp.com\/index.php?rest_route=\/wp\/v2\/types\/page"}],"author":[{"embeddable":true,"href":"https:\/\/litiscorp.com\/index.php?rest_route=\/wp\/v2\/users\/1"}],"replies":[{"embeddable":true,"href":"https:\/\/litiscorp.com\/index.php?rest_route=%2Fwp%2Fv2%2Fcomments&post=733"}],"version-history":[{"count":5,"href":"https:\/\/litiscorp.com\/index.php?rest_route=\/wp\/v2\/pages\/733\/revisions"}],"predecessor-version":[{"id":1061,"href":"https:\/\/litiscorp.com\/index.php?rest_route=\/wp\/v2\/pages\/733\/revisions\/1061"}],"wp:attachment":[{"href":"https:\/\/litiscorp.com\/index.php?rest_route=%2Fwp%2Fv2%2Fmedia&parent=733"}],"curies":[{"name":"wp","href":"https:\/\/api.w.org\/{rel}","templated":true}]}}